{"id":80,"date":"2023-05-02T22:23:46","date_gmt":"2023-05-02T20:23:46","guid":{"rendered":"http:\/\/yoga-inspirons.sc3pala1767.universe.wf\/?page_id=80"},"modified":"2026-02-13T09:24:09","modified_gmt":"2026-02-13T08:24:09","slug":"lart-de-respirer","status":"publish","type":"page","link":"http:\/\/yoga-inspirons.be\/index.php\/lart-de-respirer\/","title":{"rendered":"L\u2019ART DE RESPIRER"},"content":{"rendered":"\n<h2 class=\"wp-block-heading has-large-font-size\">Conf\u00e9rence-spectacle<\/h2>\n\n\n\n<p class=\"has-text-align-right has-tiny-font-size\">Reprise en 2026, avec Anne Van Rymenam et Guy Robert<\/p>\n\n\n\n<p>Monsieur Bonair accompagn\u00e9 de Mademoiselle S\u00e9raphine, sa d\u00e9monstratrice en actes respiratoires, nous pr\u00e9sente, en mode burlesque, les bienfaits et l\u2019importance de la respiration dans la vie quotidienne.<br>Le public sera convi\u00e9 \u00e0 prendre un bol d\u2019air jubilatoire \u00e0 travers diverses exp\u00e9riences sur le souffle.<\/p>\n\n\n\n<figure class=\"wp-block-gallery has-nested-images columns-default is-cropped wp-block-gallery-1 is-layout-flex wp-block-gallery-is-layout-flex\">\n<figure class=\"wp-block-image size-full\"><img loading=\"lazy\" decoding=\"async\" width=\"480\" height=\"493\" data-id=\"296\" src=\"http:\/\/yoga-inspirons.be\/wp-content\/uploads\/2026\/02\/Image-2.jpeg\" alt=\"\" class=\"wp-image-296\" srcset=\"http:\/\/yoga-inspirons.be\/wp-content\/uploads\/2026\/02\/Image-2.jpeg 480w, http:\/\/yoga-inspirons.be\/wp-content\/uploads\/2026\/02\/Image-2-292x300.jpeg 292w\" sizes=\"auto, (max-width: 480px) 100vw, 480px\" \/><\/figure>\n\n\n\n<figure class=\"wp-block-image size-full\"><img loading=\"lazy\" decoding=\"async\" width=\"640\" height=\"462\" data-id=\"293\" src=\"http:\/\/yoga-inspirons.be\/wp-content\/uploads\/2026\/02\/Image.jpeg\" alt=\"\" class=\"wp-image-293\" srcset=\"http:\/\/yoga-inspirons.be\/wp-content\/uploads\/2026\/02\/Image.jpeg 640w, http:\/\/yoga-inspirons.be\/wp-content\/uploads\/2026\/02\/Image-300x217.jpeg 300w\" sizes=\"auto, (max-width: 640px) 100vw, 640px\" \/><\/figure>\n\n\n\n<figure class=\"wp-block-image size-full\"><img loading=\"lazy\" decoding=\"async\" width=\"273\" height=\"273\" data-id=\"298\" src=\"https:\/\/yoga-inspirons.be\/wp-content\/uploads\/2026\/02\/Image-6-edited.jpeg\" alt=\"\" class=\"wp-image-298\" srcset=\"http:\/\/yoga-inspirons.be\/wp-content\/uploads\/2026\/02\/Image-6-edited.jpeg 273w, http:\/\/yoga-inspirons.be\/wp-content\/uploads\/2026\/02\/Image-6-edited-150x150.jpeg 150w\" sizes=\"auto, (max-width: 273px) 100vw, 273px\" \/><\/figure>\n\n\n\n<figure class=\"wp-block-image size-full\"><img loading=\"lazy\" decoding=\"async\" width=\"640\" height=\"196\" data-id=\"294\" src=\"http:\/\/yoga-inspirons.be\/wp-content\/uploads\/2026\/02\/Capture-decran-2026-02-07-a-16.19.03.png\" alt=\"\" class=\"wp-image-294\" srcset=\"http:\/\/yoga-inspirons.be\/wp-content\/uploads\/2026\/02\/Capture-decran-2026-02-07-a-16.19.03.png 640w, http:\/\/yoga-inspirons.be\/wp-content\/uploads\/2026\/02\/Capture-decran-2026-02-07-a-16.19.03-300x92.png 300w\" sizes=\"auto, (max-width: 640px) 100vw, 640px\" \/><\/figure>\n<\/figure>\n\n\n\n<figure class=\"wp-block-pullquote\"><blockquote><p>Oublier de respirer reste la seule distraction fatale<\/p><cite>Pierre Perret<\/cite><\/blockquote><\/figure>\n\n\n\n<p><strong>Cette conf\u00e9rence-spectacle d\u00e9cal\u00e9e<\/strong> est la bienvenue dans le cadre de festivals,<br>d\u2019\u00e9v\u00e9nements en lien avec le bien-\u00eatre, le d\u00e9veloppement personnel, la sant\u00e9, le yoga\u2026 dans les lieux culturels, des lieux associatifs, biblioth\u00e8ques ou en th\u00e9\u00e2tre \u00e0 domicile. <strong><em>Elle peut \u00eatre suivie d\u2019un \u00e9change-d\u00e9bat avec le public.<\/em><\/strong><\/p>\n\n\n\n<figure class=\"wp-block-pullquote has-small-plus-font-size\"><blockquote><p>En te levant le matin,  rappelle-toi combien pr\u00e9cieux est le privil\u00e8ge  de vivre, de respirer,  d&rsquo;\u00eatre heureux.\u201d<\/p><cite>Marc Aur\u00e8le<\/cite><\/blockquote><\/figure>\n\n\n\n<p class=\"has-text-align-center has-pale-pink-color has-text-color has-small-plus-font-size\" style=\"margin-top:var(--wp--preset--spacing--70);margin-bottom:var(--wp--preset--spacing--70)\"><strong>Accueillez la conf\u00e9rence-spectacle<\/strong><br><strong>\u00ab&nbsp;L\u2019Art de respirer&nbsp;\u00bb<br>45 minutes<br><em>pour se laisser inspirer, rire, d\u00e9couvrir\u2026<\/em><br>Nous nous d\u00e9pla\u00e7ons chez vous en Belgique et en France.&nbsp;<\/strong><\/p>\n\n\n\n<div class=\"wp-block-columns is-layout-flex wp-container-core-columns-is-layout-28f84493 wp-block-columns-is-layout-flex\">\n<div class=\"wp-block-column is-layout-flow wp-block-column-is-layout-flow\">\n<figure class=\"wp-block-image size-large\"><img loading=\"lazy\" decoding=\"async\" width=\"724\" height=\"1024\" src=\"https:\/\/yoga-inspirons.be\/wp-content\/uploads\/2026\/02\/Lart-de-Respirer-Affiche-1-724x1024.jpg\" alt=\"\" class=\"wp-image-306\" srcset=\"http:\/\/yoga-inspirons.be\/wp-content\/uploads\/2026\/02\/Lart-de-Respirer-Affiche-1-724x1024.jpg 724w, http:\/\/yoga-inspirons.be\/wp-content\/uploads\/2026\/02\/Lart-de-Respirer-Affiche-1-212x300.jpg 212w, http:\/\/yoga-inspirons.be\/wp-content\/uploads\/2026\/02\/Lart-de-Respirer-Affiche-1-768x1087.jpg 768w, http:\/\/yoga-inspirons.be\/wp-content\/uploads\/2026\/02\/Lart-de-Respirer-Affiche-1-1086x1536.jpg 1086w, http:\/\/yoga-inspirons.be\/wp-content\/uploads\/2026\/02\/Lart-de-Respirer-Affiche-1-1447x2048.jpg 1447w, http:\/\/yoga-inspirons.be\/wp-content\/uploads\/2026\/02\/Lart-de-Respirer-Affiche-1-scaled.jpg 1809w\" sizes=\"auto, (max-width: 724px) 100vw, 724px\" \/><\/figure>\n<\/div>\n\n\n\n<div class=\"wp-block-column is-layout-flow wp-block-column-is-layout-flow\">\n<h5 class=\"wp-block-heading\">Conditions d\u2019accueil :<\/h5>\n\n\n\n<p><strong>Dur\u00e9e&nbsp;: <\/strong>+\/- 45 minutes<br><strong>Prix :<\/strong> En fonction du lieu et de la distance<br>\u00ab&nbsp;L\u2019art de respirer&nbsp;\u00bb peut \u00eatre un tremplin pour enrichir une journ\u00e9e \u00e0 th\u00e8me.<\/p>\n\n\n\n<div class=\"wp-block-buttons is-layout-flex wp-block-buttons-is-layout-flex\">\n<div class=\"wp-block-button\"><a class=\"wp-block-button__link wp-element-button\" href=\"http:\/\/yoga-inspirons.be\/wp-content\/uploads\/2026\/02\/LART-DE-RESPIRER-A4-WORD-2026-copie.docx\">Dossier de pr\u00e9sentation <\/a><\/div>\n<\/div>\n\n\n\n<div class=\"wp-block-buttons is-layout-flex wp-block-buttons-is-layout-flex\">\n<div class=\"wp-block-button\"><a class=\"wp-block-button__link wp-element-button\" href=\"https:\/\/www.canalzoom.be\/culture\/lart-de-respirer-une-conference-spectacle\/13779?fbclid=IwAR3Tyb0zFxhKaw6Pz0v-QrcsqZAU94xpHuXduBuFeWVGtteJ_p6SptIGxKk\" target=\"_blank\" rel=\"noreferrer noopener\">Reportage <\/a><\/div>\n<\/div>\n<\/div>\n<\/div>\n\n\n\n<div style=\"height:100px\" aria-hidden=\"true\" class=\"wp-block-spacer\"><\/div>\n\n\n\n<h2 class=\"wp-block-heading has-text-align-center\">Teaser<\/h2>\n\n\n\n<p class=\"has-text-align-center\"><strong>avec Denis Benoliel qui nous a quitt\u00e9 en juin 2025<\/strong><\/p>\n\n\n\n<figure class=\"wp-block-embed is-type-video is-provider-youtube wp-block-embed-youtube wp-embed-aspect-16-9 wp-has-aspect-ratio\"><div class=\"wp-block-embed__wrapper\">\n<iframe loading=\"lazy\" title=\"L&#039;art de respirer TRAILER 3min FINAL\" width=\"500\" height=\"281\" src=\"https:\/\/www.youtube.com\/embed\/-jEDUBpS6rU?feature=oembed\" frameborder=\"0\" allow=\"accelerometer; autoplay; clipboard-write; encrypted-media; gyroscope; picture-in-picture; web-share\" referrerpolicy=\"strict-origin-when-cross-origin\" allowfullscreen><\/iframe>\n<\/div><\/figure>\n","protected":false},"excerpt":{"rendered":"<p>Conf\u00e9rence-spectacle Reprise en 2026, avec Anne Van Rymenam et Guy Robert Monsieur Bonair accompagn\u00e9 de Mademoiselle S\u00e9raphine, sa d\u00e9monstratrice en actes respiratoires, nous pr\u00e9sente, en mode burlesque, les bienfaits et l\u2019importance de la respiration dans la vie quotidienne.Le public sera convi\u00e9 \u00e0 prendre un bol d\u2019air jubilatoire \u00e0 travers diverses exp\u00e9riences sur le souffle. Oublier [&hellip;]<\/p>\n","protected":false},"author":1,"featured_media":0,"parent":0,"menu_order":0,"comment_status":"closed","ping_status":"closed","template":"page-without-title","meta":{"footnotes":""},"class_list":["post-80","page","type-page","status-publish","hentry"],"_links":{"self":[{"href":"http:\/\/yoga-inspirons.be\/index.php\/wp-json\/wp\/v2\/pages\/80","targetHints":{"allow":["GET"]}}],"collection":[{"href":"http:\/\/yoga-inspirons.be\/index.php\/wp-json\/wp\/v2\/pages"}],"about":[{"href":"http:\/\/yoga-inspirons.be\/index.php\/wp-json\/wp\/v2\/types\/page"}],"author":[{"embeddable":true,"href":"http:\/\/yoga-inspirons.be\/index.php\/wp-json\/wp\/v2\/users\/1"}],"replies":[{"embeddable":true,"href":"http:\/\/yoga-inspirons.be\/index.php\/wp-json\/wp\/v2\/comments?post=80"}],"version-history":[{"count":25,"href":"http:\/\/yoga-inspirons.be\/index.php\/wp-json\/wp\/v2\/pages\/80\/revisions"}],"predecessor-version":[{"id":307,"href":"http:\/\/yoga-inspirons.be\/index.php\/wp-json\/wp\/v2\/pages\/80\/revisions\/307"}],"wp:attachment":[{"href":"http:\/\/yoga-inspirons.be\/index.php\/wp-json\/wp\/v2\/media?parent=80"}],"curies":[{"name":"wp","href":"https:\/\/api.w.org\/{rel}","templated":true}]}}